{"id":1799,"date":"2018-09-13T15:55:08","date_gmt":"2018-09-13T13:55:08","guid":{"rendered":"https:\/\/cpberiain.educacion.navarra.es\/web1\/?page_id=1799"},"modified":"2025-11-06T14:33:53","modified_gmt":"2025-11-06T13:33:53","slug":"extraescolares","status":"publish","type":"page","link":"https:\/\/cpberiain.educacion.navarra.es\/web1\/extraescolares\/","title":{"rendered":"Extraescolares"},"content":{"rendered":"<p><a href=\"https:\/\/i0.wp.com\/cpberiain.educacion.navarra.es\/web1\/wp-content\/uploads\/2018\/09\/Extraescolares-apyma-2018.jpg?ssl=1\"><img data-attachment-id=\"1803\" data-permalink=\"https:\/\/cpberiain.educacion.navarra.es\/web1\/extraescolares\/extraescolares-apyma-2018\/\" data-orig-file=\"https:\/\/i0.wp.com\/cpberiain.educacion.navarra.es\/web1\/wp-content\/uploads\/2018\/09\/Extraescolares-apyma-2018.jpg?fit=1800%2C540&amp;ssl=1\" data-orig-size=\"1800,540\" data-comments-opened=\"1\" data-image-meta=\"{&quot;aperture&quot;:&quot;0&quot;,&quot;credit&quot;:&quot;&quot;,&quot;camera&quot;:&quot;&quot;,&quot;caption&quot;:&quot;&quot;,&quot;created_timestamp&quot;:&quot;0&quot;,&quot;copyright&quot;:&quot;&quot;,&quot;focal_length&quot;:&quot;0&quot;,&quot;iso&quot;:&quot;0&quot;,&quot;shutter_speed&quot;:&quot;0&quot;,&quot;title&quot;:&quot;&quot;,&quot;orientation&quot;:&quot;0&quot;}\" data-image-title=\"Extraescolares apyma 2018\" data-image-description=\"\" data-image-caption=\"\" data-medium-file=\"https:\/\/i0.wp.com\/cpberiain.educacion.navarra.es\/web1\/wp-content\/uploads\/2018\/09\/Extraescolares-apyma-2018.jpg?fit=300%2C90&amp;ssl=1\" data-large-file=\"https:\/\/i0.wp.com\/cpberiain.educacion.navarra.es\/web1\/wp-content\/uploads\/2018\/09\/Extraescolares-apyma-2018.jpg?fit=1024%2C307&amp;ssl=1\" loading=\"lazy\" class=\"aligncenter size-full wp-image-1803\" src=\"https:\/\/i0.wp.com\/cpberiain.educacion.navarra.es\/web1\/wp-content\/uploads\/2018\/09\/Extraescolares-apyma-2018.jpg?resize=1800%2C540&#038;ssl=1\" alt=\"\" width=\"1800\" height=\"540\" srcset=\"https:\/\/i0.wp.com\/cpberiain.educacion.navarra.es\/web1\/wp-content\/uploads\/2018\/09\/Extraescolares-apyma-2018.jpg?w=1800&amp;ssl=1 1800w, https:\/\/i0.wp.com\/cpberiain.educacion.navarra.es\/web1\/wp-content\/uploads\/2018\/09\/Extraescolares-apyma-2018.jpg?resize=300%2C90&amp;ssl=1 300w, https:\/\/i0.wp.com\/cpberiain.educacion.navarra.es\/web1\/wp-content\/uploads\/2018\/09\/Extraescolares-apyma-2018.jpg?resize=768%2C230&amp;ssl=1 768w, https:\/\/i0.wp.com\/cpberiain.educacion.navarra.es\/web1\/wp-content\/uploads\/2018\/09\/Extraescolares-apyma-2018.jpg?resize=1024%2C307&amp;ssl=1 1024w\" sizes=\"(max-width: 1000px) 100vw, 1000px\" data-recalc-dims=\"1\" \/><\/a><\/p>\n<p>Empieza el nuevo curso 2025-26.\u00a0<\/p>\n<p>La Apyma ha creado una propuesta de actividades. Pod\u00e9is descargar toda la informaci\u00f3n en el siguiente enlace<\/p>\n<p style=\"padding-left: 120px; text-align: left;\"><a href=\"https:\/\/drive.google.com\/file\/d\/1JWDt-RAXsWM7gTl3nMNKrppR0feCSnih\/view?usp=sharing\" target=\"_blank\" rel=\"noopener noreferrer\">Descripcion actividades curso 2025-26<\/a><\/p>\n<p>La inscripci\u00f3n se har\u00e1 a trav\u00e9s de un formulario online, que se publicar\u00e1 en su momento.<\/p>\n\n\n<p> El Reglamento que rige las extraescolares se puede consultar haciendo clic en la siguiente imagen:  <\/p>\n\n\n\n<div class=\"wp-block-image\"><figure class=\"aligncenter is-resized\"><a href=\"https:\/\/cpberiain.educacion.navarra.es\/web1\/wp-content\/uploads\/2019\/02\/REGLAMENTO-DE-ACTIVIDADES-EXTRAESCOLARES.pdf\" target=\"_blank\" rel=\"noreferrer noopener\"><img data-attachment-id=\"2054\" data-permalink=\"https:\/\/cpberiain.educacion.navarra.es\/web1\/extraescolares\/reglamento-2\/\" data-orig-file=\"https:\/\/i0.wp.com\/cpberiain.educacion.navarra.es\/web1\/wp-content\/uploads\/2019\/02\/reglamento-e1549031161160.jpg?fit=325%2C200&amp;ssl=1\" data-orig-size=\"325,200\" data-comments-opened=\"1\" data-image-meta=\"{&quot;aperture&quot;:&quot;0&quot;,&quot;credit&quot;:&quot;&quot;,&quot;camera&quot;:&quot;&quot;,&quot;caption&quot;:&quot;&quot;,&quot;created_timestamp&quot;:&quot;0&quot;,&quot;copyright&quot;:&quot;&quot;,&quot;focal_length&quot;:&quot;0&quot;,&quot;iso&quot;:&quot;0&quot;,&quot;shutter_speed&quot;:&quot;0&quot;,&quot;title&quot;:&quot;&quot;,&quot;orientation&quot;:&quot;0&quot;}\" data-image-title=\"reglamento\" data-image-description=\"\" data-image-caption=\"\" data-medium-file=\"https:\/\/i0.wp.com\/cpberiain.educacion.navarra.es\/web1\/wp-content\/uploads\/2019\/02\/reglamento-e1549031161160.jpg?fit=300%2C185&amp;ssl=1\" data-large-file=\"https:\/\/i0.wp.com\/cpberiain.educacion.navarra.es\/web1\/wp-content\/uploads\/2019\/02\/reglamento-e1549031161160.jpg?fit=325%2C200&amp;ssl=1\" loading=\"lazy\" src=\"https:\/\/i0.wp.com\/cpberiain.educacion.navarra.es\/web1\/wp-content\/uploads\/2019\/02\/reglamento-e1549031161160.jpg?resize=155%2C95&#038;ssl=1\" alt=\"\" class=\"wp-image-2054\" width=\"155\" height=\"95\" data-recalc-dims=\"1\" \/><\/a><\/figure><\/div>\n\n\n\n<p><\/p>\n","protected":false},"excerpt":{"rendered":"<p>Empieza el nuevo curso 2025-26.\u00a0 La Apyma ha creado una propuesta de actividades. Pod\u00e9is descargar toda la informaci\u00f3n en el siguiente enlace Descripcion actividades curso 2025-26 La inscripci\u00f3n se har\u00e1 a trav\u00e9s de un formulario online, que se publicar\u00e1 en su momento. El Reglamento que rige las extraescolares se puede consultar haciendo clic en la [&hellip;]<\/p>\n","protected":false},"author":1,"featured_media":0,"parent":0,"menu_order":0,"comment_status":"closed","ping_status":"closed","template":"","meta":{"_genesis_hide_title":false,"_genesis_hide_breadcrumbs":false,"_genesis_hide_singular_image":false,"_genesis_hide_footer_widgets":false,"_genesis_custom_body_class":"","_genesis_custom_post_class":"","_genesis_layout":"","jetpack_post_was_ever_published":false},"jetpack_sharing_enabled":true,"_links":{"self":[{"href":"https:\/\/cpberiain.educacion.navarra.es\/web1\/wp-json\/wp\/v2\/pages\/1799"}],"collection":[{"href":"https:\/\/cpberiain.educacion.navarra.es\/web1\/wp-json\/wp\/v2\/pages"}],"about":[{"href":"https:\/\/cpberiain.educacion.navarra.es\/web1\/wp-json\/wp\/v2\/types\/page"}],"author":[{"embeddable":true,"href":"https:\/\/cpberiain.educacion.navarra.es\/web1\/wp-json\/wp\/v2\/users\/1"}],"replies":[{"embeddable":true,"href":"https:\/\/cpberiain.educacion.navarra.es\/web1\/wp-json\/wp\/v2\/comments?post=1799"}],"version-history":[{"count":24,"href":"https:\/\/cpberiain.educacion.navarra.es\/web1\/wp-json\/wp\/v2\/pages\/1799\/revisions"}],"predecessor-version":[{"id":5813,"href":"https:\/\/cpberiain.educacion.navarra.es\/web1\/wp-json\/wp\/v2\/pages\/1799\/revisions\/5813"}],"wp:attachment":[{"href":"https:\/\/cpberiain.educacion.navarra.es\/web1\/wp-json\/wp\/v2\/media?parent=1799"}],"curies":[{"name":"wp","href":"https:\/\/api.w.org\/{rel}","templated":true}]}}