{"id":183,"date":"2017-03-01T14:56:42","date_gmt":"2017-03-01T13:56:42","guid":{"rendered":"http:\/\/cpberiain.educacion.navarra.es\/web1\/?page_id=183"},"modified":"2026-01-20T16:06:58","modified_gmt":"2026-01-20T15:06:58","slug":"oferta-educativa","status":"publish","type":"page","link":"https:\/\/cpberiain.educacion.navarra.es\/web1\/oferta-educativa\/","title":{"rendered":"Oferta educativa"},"content":{"rendered":"<p><a href=\"https:\/\/i0.wp.com\/cpberiain.educacion.navarra.es\/web1\/wp-content\/uploads\/2017\/03\/Oferta-educativa.jpg\"><img data-attachment-id=\"402\" data-permalink=\"https:\/\/cpberiain.educacion.navarra.es\/web1\/oferta-educativa\/oferta-educativa-2\/\" data-orig-file=\"https:\/\/i0.wp.com\/cpberiain.educacion.navarra.es\/web1\/wp-content\/uploads\/2017\/03\/Oferta-educativa.jpg?fit=1021%2C497&amp;ssl=1\" data-orig-size=\"1021,497\" data-comments-opened=\"1\" data-image-meta=\"{&quot;aperture&quot;:&quot;0&quot;,&quot;credit&quot;:&quot;&quot;,&quot;camera&quot;:&quot;&quot;,&quot;caption&quot;:&quot;&quot;,&quot;created_timestamp&quot;:&quot;0&quot;,&quot;copyright&quot;:&quot;&quot;,&quot;focal_length&quot;:&quot;0&quot;,&quot;iso&quot;:&quot;0&quot;,&quot;shutter_speed&quot;:&quot;0&quot;,&quot;title&quot;:&quot;&quot;,&quot;orientation&quot;:&quot;0&quot;}\" data-image-title=\"Oferta educativa\" data-image-description=\"\" data-image-caption=\"\" data-medium-file=\"https:\/\/i0.wp.com\/cpberiain.educacion.navarra.es\/web1\/wp-content\/uploads\/2017\/03\/Oferta-educativa.jpg?fit=300%2C146&amp;ssl=1\" data-large-file=\"https:\/\/i0.wp.com\/cpberiain.educacion.navarra.es\/web1\/wp-content\/uploads\/2017\/03\/Oferta-educativa.jpg?fit=1021%2C497&amp;ssl=1\" loading=\"lazy\" class=\"aligncenter size-full wp-image-402\" src=\"https:\/\/i0.wp.com\/cpberiain.educacion.navarra.es\/web1\/wp-content\/uploads\/2017\/03\/Oferta-educativa.jpg?resize=1021%2C497\" alt=\"\" width=\"1021\" height=\"497\" srcset=\"https:\/\/i0.wp.com\/cpberiain.educacion.navarra.es\/web1\/wp-content\/uploads\/2017\/03\/Oferta-educativa.jpg?w=1021&amp;ssl=1 1021w, https:\/\/i0.wp.com\/cpberiain.educacion.navarra.es\/web1\/wp-content\/uploads\/2017\/03\/Oferta-educativa.jpg?resize=300%2C146&amp;ssl=1 300w, https:\/\/i0.wp.com\/cpberiain.educacion.navarra.es\/web1\/wp-content\/uploads\/2017\/03\/Oferta-educativa.jpg?resize=768%2C374&amp;ssl=1 768w\" sizes=\"(max-width: 1000px) 100vw, 1000px\" data-recalc-dims=\"1\" \/><\/a><\/p>\n<h4><em><span style=\"color: #0000ff;\">MODELO PLURILING\u00dcE<\/span><\/em><\/h4>\n<p>El colegio oferta dos etapas educativas, 2\u00ba ciclo de educaci\u00f3n infantil y educaci\u00f3n primaria.<\/p>\n<p>En ambas se ofrece el programa PAI (programa de aprendizaje del Ingl\u00e9s), que apuesta por incrementar notablemente la presencia del ingl\u00e9s en la ense\u00f1anza, manteniendo las lenguas oficiales de Navarra. Para eso se aumenta no solo el n\u00famero de horas, sino tambi\u00e9n el de asignaturas en las que ni\u00f1os y ni\u00f1as est\u00e1n en contacto con este idioma. Podemos elegir:<\/p>\n<p>Modelo\u00a0 PAI-A: Castellano + Ingl\u00e9s + 4 sesiones semanales de Euskera<\/p>\n<p>Modelo PAI-G: Castellano + Ingl\u00e9s (En lugar de euskera se trabajan 4 sesiones de otros contenidos)<\/p>\n<h4><em><span style=\"color: #0000ff;\">\u00c1REAS DE CONOCIMIENTO<strong><br \/><\/strong><\/span><\/em><\/h4>\n<h5><span style=\"color: #008000;\">EDUCACI\u00d3N INFANTIL<\/span><\/h5>\n<p><img data-attachment-id=\"5970\" data-permalink=\"https:\/\/cpberiain.educacion.navarra.es\/web1\/oferta-educativa\/modelos-educativos-infantil\/\" data-orig-file=\"https:\/\/i0.wp.com\/cpberiain.educacion.navarra.es\/web1\/wp-content\/uploads\/2026\/01\/Modelos-Educativos-Infantil.png?fit=658%2C312&amp;ssl=1\" data-orig-size=\"658,312\" data-comments-opened=\"1\" data-image-meta=\"{&quot;aperture&quot;:&quot;0&quot;,&quot;credit&quot;:&quot;&quot;,&quot;camera&quot;:&quot;&quot;,&quot;caption&quot;:&quot;&quot;,&quot;created_timestamp&quot;:&quot;0&quot;,&quot;copyright&quot;:&quot;&quot;,&quot;focal_length&quot;:&quot;0&quot;,&quot;iso&quot;:&quot;0&quot;,&quot;shutter_speed&quot;:&quot;0&quot;,&quot;title&quot;:&quot;&quot;,&quot;orientation&quot;:&quot;0&quot;}\" data-image-title=\"Modelos Educativos Infantil\" data-image-description=\"\" data-image-caption=\"\" data-medium-file=\"https:\/\/i0.wp.com\/cpberiain.educacion.navarra.es\/web1\/wp-content\/uploads\/2026\/01\/Modelos-Educativos-Infantil.png?fit=300%2C142&amp;ssl=1\" data-large-file=\"https:\/\/i0.wp.com\/cpberiain.educacion.navarra.es\/web1\/wp-content\/uploads\/2026\/01\/Modelos-Educativos-Infantil.png?fit=658%2C312&amp;ssl=1\" loading=\"lazy\" class=\"alignnone wp-image-5970 size-full\" src=\"https:\/\/i0.wp.com\/cpberiain.educacion.navarra.es\/web1\/wp-content\/uploads\/2026\/01\/Modelos-Educativos-Infantil.png?resize=658%2C312&#038;ssl=1\" alt=\"\" width=\"658\" height=\"312\" srcset=\"https:\/\/i0.wp.com\/cpberiain.educacion.navarra.es\/web1\/wp-content\/uploads\/2026\/01\/Modelos-Educativos-Infantil.png?w=658&amp;ssl=1 658w, https:\/\/i0.wp.com\/cpberiain.educacion.navarra.es\/web1\/wp-content\/uploads\/2026\/01\/Modelos-Educativos-Infantil.png?resize=300%2C142&amp;ssl=1 300w\" sizes=\"(max-width: 658px) 100vw, 658px\" data-recalc-dims=\"1\" \/><\/p>\n<h5><span style=\"color: #008000;\">EDUCACI\u00d3N PRIMARIA\u00a0<\/span><\/h5>\n<p><img data-attachment-id=\"5979\" data-permalink=\"https:\/\/cpberiain.educacion.navarra.es\/web1\/oferta-educativa\/modelos-educativo-1o-y-2o-ciclo\/\" data-orig-file=\"https:\/\/i0.wp.com\/cpberiain.educacion.navarra.es\/web1\/wp-content\/uploads\/2026\/01\/Modelos-Educativo-1o-y-2o-ciclo.png?fit=666%2C391&amp;ssl=1\" data-orig-size=\"666,391\" data-comments-opened=\"1\" data-image-meta=\"{&quot;aperture&quot;:&quot;0&quot;,&quot;credit&quot;:&quot;&quot;,&quot;camera&quot;:&quot;&quot;,&quot;caption&quot;:&quot;&quot;,&quot;created_timestamp&quot;:&quot;0&quot;,&quot;copyright&quot;:&quot;&quot;,&quot;focal_length&quot;:&quot;0&quot;,&quot;iso&quot;:&quot;0&quot;,&quot;shutter_speed&quot;:&quot;0&quot;,&quot;title&quot;:&quot;&quot;,&quot;orientation&quot;:&quot;0&quot;}\" data-image-title=\"Modelos Educativo 1\u00ba y 2\u00ba ciclo\" data-image-description=\"\" data-image-caption=\"\" data-medium-file=\"https:\/\/i0.wp.com\/cpberiain.educacion.navarra.es\/web1\/wp-content\/uploads\/2026\/01\/Modelos-Educativo-1o-y-2o-ciclo.png?fit=300%2C176&amp;ssl=1\" data-large-file=\"https:\/\/i0.wp.com\/cpberiain.educacion.navarra.es\/web1\/wp-content\/uploads\/2026\/01\/Modelos-Educativo-1o-y-2o-ciclo.png?fit=666%2C391&amp;ssl=1\" loading=\"lazy\" class=\"alignnone wp-image-5979 size-full\" src=\"https:\/\/i0.wp.com\/cpberiain.educacion.navarra.es\/web1\/wp-content\/uploads\/2026\/01\/Modelos-Educativo-1o-y-2o-ciclo.png?resize=666%2C391&#038;ssl=1\" alt=\"\" width=\"666\" height=\"391\" srcset=\"https:\/\/i0.wp.com\/cpberiain.educacion.navarra.es\/web1\/wp-content\/uploads\/2026\/01\/Modelos-Educativo-1o-y-2o-ciclo.png?w=666&amp;ssl=1 666w, https:\/\/i0.wp.com\/cpberiain.educacion.navarra.es\/web1\/wp-content\/uploads\/2026\/01\/Modelos-Educativo-1o-y-2o-ciclo.png?resize=300%2C176&amp;ssl=1 300w, https:\/\/i0.wp.com\/cpberiain.educacion.navarra.es\/web1\/wp-content\/uploads\/2026\/01\/Modelos-Educativo-1o-y-2o-ciclo.png?resize=340%2C200&amp;ssl=1 340w\" sizes=\"(max-width: 666px) 100vw, 666px\" data-recalc-dims=\"1\" \/><\/p>\n<p><img data-attachment-id=\"5978\" data-permalink=\"https:\/\/cpberiain.educacion.navarra.es\/web1\/oferta-educativa\/modelo-educativo-3o-ciclo\/\" data-orig-file=\"https:\/\/i0.wp.com\/cpberiain.educacion.navarra.es\/web1\/wp-content\/uploads\/2026\/01\/Modelo-Educativo-3o-ciclo.png?fit=661%2C416&amp;ssl=1\" data-orig-size=\"661,416\" data-comments-opened=\"1\" data-image-meta=\"{&quot;aperture&quot;:&quot;0&quot;,&quot;credit&quot;:&quot;&quot;,&quot;camera&quot;:&quot;&quot;,&quot;caption&quot;:&quot;&quot;,&quot;created_timestamp&quot;:&quot;0&quot;,&quot;copyright&quot;:&quot;&quot;,&quot;focal_length&quot;:&quot;0&quot;,&quot;iso&quot;:&quot;0&quot;,&quot;shutter_speed&quot;:&quot;0&quot;,&quot;title&quot;:&quot;&quot;,&quot;orientation&quot;:&quot;0&quot;}\" data-image-title=\"Modelo Educativo 3\u00ba ciclo\" data-image-description=\"\" data-image-caption=\"\" data-medium-file=\"https:\/\/i0.wp.com\/cpberiain.educacion.navarra.es\/web1\/wp-content\/uploads\/2026\/01\/Modelo-Educativo-3o-ciclo.png?fit=300%2C189&amp;ssl=1\" data-large-file=\"https:\/\/i0.wp.com\/cpberiain.educacion.navarra.es\/web1\/wp-content\/uploads\/2026\/01\/Modelo-Educativo-3o-ciclo.png?fit=661%2C416&amp;ssl=1\" loading=\"lazy\" class=\"alignnone wp-image-5978 size-full\" src=\"https:\/\/i0.wp.com\/cpberiain.educacion.navarra.es\/web1\/wp-content\/uploads\/2026\/01\/Modelo-Educativo-3o-ciclo.png?resize=661%2C416&#038;ssl=1\" alt=\"\" width=\"661\" height=\"416\" srcset=\"https:\/\/i0.wp.com\/cpberiain.educacion.navarra.es\/web1\/wp-content\/uploads\/2026\/01\/Modelo-Educativo-3o-ciclo.png?w=661&amp;ssl=1 661w, https:\/\/i0.wp.com\/cpberiain.educacion.navarra.es\/web1\/wp-content\/uploads\/2026\/01\/Modelo-Educativo-3o-ciclo.png?resize=300%2C189&amp;ssl=1 300w\" sizes=\"(max-width: 661px) 100vw, 661px\" data-recalc-dims=\"1\" \/><\/p>\n<p>\u00a0<\/p>\n<h4><em><span style=\"color: #0000ff;\">NORMATIVA, CONDICIONES DE ACCESO Y PROMOCI\u00d3N<br \/><\/span><\/em><\/h4>\n<p>(Todos los enlaces van a la p\u00e1gina Web del Departamento de Educaci\u00f3n.)<\/p>\n<ul>\n<li><a href=\"https:\/\/www.educacion.navarra.es\/web\/dpto\/normativa-primaria\" target=\"_blank\" rel=\"noreferrer noopener\">Normativa de primaria<\/a><\/li>\n<li><a href=\"https:\/\/www.educacion.navarra.es\/web\/dpto\/normativa-segundo-ciclo-infantil\" target=\"_blank\" rel=\"noreferrer noopener\">Normativa de infantil<\/a><\/li>\n<li><a href=\"https:\/\/www.lexnavarra.navarra.es\/detalle.asp?r=56129\" target=\"_blank\" rel=\"noreferrer noopener\">Evaluaci\u00f3n y promoci\u00f3n de primaria<\/a><\/li>\n<li><a href=\"https:\/\/www.lexnavarra.navarra.es\/detalle.asp?r=56210\" target=\"_blank\" rel=\"noreferrer noopener\">Evaluaci\u00f3n y promoci\u00f3n de infantil<\/a><\/li>\n<\/ul>\n<h4><span style=\"color: #0000ff;\"><em><strong>ATENCI\u00d3N A LA DIVERSIDAD<\/strong><\/em><\/span><\/h4>\n<p>Servicio de :<\/p>\n<ul>\n<li>Orientaci\u00f3n<\/li>\n<li>Logopedia<\/li>\n<li>Pedagog\u00eda terap\u00e9utica (PT)<\/li>\n<li>Profesorado de apoyo<\/li>\n<\/ul>\n\n\n<p>&nbsp;<\/p>\n","protected":false},"excerpt":{"rendered":"<p>MODELO PLURILING\u00dcE El colegio oferta dos etapas educativas, 2\u00ba ciclo de educaci\u00f3n infantil y educaci\u00f3n primaria. En ambas se ofrece el programa PAI (programa de aprendizaje del Ingl\u00e9s), que apuesta por incrementar notablemente la presencia del ingl\u00e9s en la ense\u00f1anza, manteniendo las lenguas oficiales de Navarra. Para eso se aumenta no solo el n\u00famero de [&hellip;]<\/p>\n","protected":false},"author":1,"featured_media":0,"parent":0,"menu_order":0,"comment_status":"closed","ping_status":"closed","template":"","meta":{"_genesis_hide_title":false,"_genesis_hide_breadcrumbs":false,"_genesis_hide_singular_image":false,"_genesis_hide_footer_widgets":false,"_genesis_custom_body_class":"","_genesis_custom_post_class":"","_genesis_layout":"","jetpack_post_was_ever_published":false},"jetpack_sharing_enabled":true,"_links":{"self":[{"href":"https:\/\/cpberiain.educacion.navarra.es\/web1\/wp-json\/wp\/v2\/pages\/183"}],"collection":[{"href":"https:\/\/cpberiain.educacion.navarra.es\/web1\/wp-json\/wp\/v2\/pages"}],"about":[{"href":"https:\/\/cpberiain.educacion.navarra.es\/web1\/wp-json\/wp\/v2\/types\/page"}],"author":[{"embeddable":true,"href":"https:\/\/cpberiain.educacion.navarra.es\/web1\/wp-json\/wp\/v2\/users\/1"}],"replies":[{"embeddable":true,"href":"https:\/\/cpberiain.educacion.navarra.es\/web1\/wp-json\/wp\/v2\/comments?post=183"}],"version-history":[{"count":16,"href":"https:\/\/cpberiain.educacion.navarra.es\/web1\/wp-json\/wp\/v2\/pages\/183\/revisions"}],"predecessor-version":[{"id":5980,"href":"https:\/\/cpberiain.educacion.navarra.es\/web1\/wp-json\/wp\/v2\/pages\/183\/revisions\/5980"}],"wp:attachment":[{"href":"https:\/\/cpberiain.educacion.navarra.es\/web1\/wp-json\/wp\/v2\/media?parent=183"}],"curies":[{"name":"wp","href":"https:\/\/api.w.org\/{rel}","templated":true}]}}