{"id":764,"date":"2017-03-29T17:48:24","date_gmt":"2017-03-29T15:48:24","guid":{"rendered":"http:\/\/cpberiain.educacion.navarra.es\/web1\/?page_id=764"},"modified":"2023-11-08T12:10:05","modified_gmt":"2023-11-08T11:10:05","slug":"plan-estrategico","status":"publish","type":"page","link":"https:\/\/cpberiain.educacion.navarra.es\/web1\/plan-estrategico\/","title":{"rendered":"Plan estrat\u00e9gico"},"content":{"rendered":"<p>El Plan estrat\u00e9gico 2023-2027 fue aprobado en Consejo Escolar el 30 de junio de 2023.<\/p>\n<hr \/>\n<p>Est\u00e1 organizado en torno a varios ejes. Los m\u00e1s importantes son:<\/p>\n<p><span style=\"color: #0000ff;\"><em>Mejorar el rendimiento del alumnado y los resultados del aprendizaje<\/em><\/span><\/p>\n<ol>\n<li>Mejorar las competencias del alumnado: creando situaciones de aprendizaje, mejorando su competencia ling\u00fc\u00edstica y\u00a0 dando herramientas al alumnado para mejorar la calidad de sus producciones (presentaci\u00f3n, organizaci\u00f3n,&#8230;)<\/li>\n<li>Analizar anualmente los resultados acad\u00e9micos y crear planes de mejora<\/li>\n<\/ol>\n<p><span style=\"color: #0000ff;\"><em>Fomento de la igualdad y la no discriminaci\u00f3n<\/em><\/span><\/p>\n<ol start=\"7\">\n<li>Mejorar la formaci\u00f3n en igualdad del alumnado<\/li>\n<li>Mejorar la inclusi\u00f3n mediante una mejor atenci\u00f3n a la diversidad<\/li>\n<li>Mejorar la inclusi\u00f3n en el patio, mediante un proyecto de din\u00e1micas variadas<\/li>\n<\/ol>\n<p><span style=\"color: #0000ff;\"><em>Mejorar la formaci\u00f3n del profesorado<\/em><\/span><\/p>\n<ol start=\"10\">\n<li>En \u00e1reas actuales e innovadoras relacionadas con el aprendizaje (neurociencia, inclusi\u00f3n, &#8230;)<\/li>\n<li>A trav\u00e9s de la supervisi\u00f3n colaborativa y el trabajo en com\u00fan<\/li>\n<\/ol>\n<p><span style=\"color: #0000ff;\"><em>Mejorar el uso de las TIC<\/em><\/span><\/p>\n<ol start=\"12\">\n<li>Reflexionar sobre el uso de las TIC en las aulas<\/li>\n<li>Incorporar nuevas herramientas TIC a la pr\u00e1ctica docente<\/li>\n<\/ol>\n<p><span style=\"color: #0000ff;\"><em>Dignificar y enriquecer los espacios del colegio<\/em><\/span><\/p>\n<ol start=\"15\">\n<li>Transformar el patio para hacerlo m\u00e1s acogedor, coeducativo, rico y atractivo<\/li>\n<\/ol>\n<hr \/>\n<p><span style=\"color: #ff0000;\">Este es nuestro plan estrat\u00e9gico:<\/span><\/p>\n<p><img data-attachment-id=\"5062\" data-permalink=\"https:\/\/cpberiain.educacion.navarra.es\/web1\/plan-estrategico\/pe-1\/\" data-orig-file=\"https:\/\/i0.wp.com\/cpberiain.educacion.navarra.es\/web1\/wp-content\/uploads\/2023\/11\/PE-1.jpg?fit=837%2C619&amp;ssl=1\" data-orig-size=\"837,619\" data-comments-opened=\"1\" data-image-meta=\"{&quot;aperture&quot;:&quot;0&quot;,&quot;credit&quot;:&quot;&quot;,&quot;camera&quot;:&quot;&quot;,&quot;caption&quot;:&quot;&quot;,&quot;created_timestamp&quot;:&quot;0&quot;,&quot;copyright&quot;:&quot;&quot;,&quot;focal_length&quot;:&quot;0&quot;,&quot;iso&quot;:&quot;0&quot;,&quot;shutter_speed&quot;:&quot;0&quot;,&quot;title&quot;:&quot;&quot;,&quot;orientation&quot;:&quot;0&quot;}\" data-image-title=\"PE 1\" data-image-description=\"\" data-image-caption=\"\" data-medium-file=\"https:\/\/i0.wp.com\/cpberiain.educacion.navarra.es\/web1\/wp-content\/uploads\/2023\/11\/PE-1.jpg?fit=300%2C222&amp;ssl=1\" data-large-file=\"https:\/\/i0.wp.com\/cpberiain.educacion.navarra.es\/web1\/wp-content\/uploads\/2023\/11\/PE-1.jpg?fit=837%2C619&amp;ssl=1\" loading=\"lazy\" class=\"alignnone wp-image-5062 size-full\" src=\"https:\/\/i0.wp.com\/cpberiain.educacion.navarra.es\/web1\/wp-content\/uploads\/2023\/11\/PE-1.jpg?resize=837%2C619&#038;ssl=1\" alt=\"Estrategico 1\" width=\"837\" height=\"619\" srcset=\"https:\/\/i0.wp.com\/cpberiain.educacion.navarra.es\/web1\/wp-content\/uploads\/2023\/11\/PE-1.jpg?w=837&amp;ssl=1 837w, https:\/\/i0.wp.com\/cpberiain.educacion.navarra.es\/web1\/wp-content\/uploads\/2023\/11\/PE-1.jpg?resize=300%2C222&amp;ssl=1 300w, https:\/\/i0.wp.com\/cpberiain.educacion.navarra.es\/web1\/wp-content\/uploads\/2023\/11\/PE-1.jpg?resize=768%2C568&amp;ssl=1 768w\" sizes=\"(max-width: 837px) 100vw, 837px\" data-recalc-dims=\"1\" \/><\/p>\n<p><img data-attachment-id=\"5063\" data-permalink=\"https:\/\/cpberiain.educacion.navarra.es\/web1\/plan-estrategico\/pe-2\/\" data-orig-file=\"https:\/\/i0.wp.com\/cpberiain.educacion.navarra.es\/web1\/wp-content\/uploads\/2023\/11\/PE-2.jpg?fit=849%2C639&amp;ssl=1\" data-orig-size=\"849,639\" data-comments-opened=\"1\" data-image-meta=\"{&quot;aperture&quot;:&quot;0&quot;,&quot;credit&quot;:&quot;&quot;,&quot;camera&quot;:&quot;&quot;,&quot;caption&quot;:&quot;&quot;,&quot;created_timestamp&quot;:&quot;0&quot;,&quot;copyright&quot;:&quot;&quot;,&quot;focal_length&quot;:&quot;0&quot;,&quot;iso&quot;:&quot;0&quot;,&quot;shutter_speed&quot;:&quot;0&quot;,&quot;title&quot;:&quot;&quot;,&quot;orientation&quot;:&quot;1&quot;}\" data-image-title=\"PE 2\" data-image-description=\"\" data-image-caption=\"\" data-medium-file=\"https:\/\/i0.wp.com\/cpberiain.educacion.navarra.es\/web1\/wp-content\/uploads\/2023\/11\/PE-2.jpg?fit=300%2C226&amp;ssl=1\" data-large-file=\"https:\/\/i0.wp.com\/cpberiain.educacion.navarra.es\/web1\/wp-content\/uploads\/2023\/11\/PE-2.jpg?fit=849%2C639&amp;ssl=1\" loading=\"lazy\" class=\"alignnone wp-image-5063 size-full\" src=\"https:\/\/i0.wp.com\/cpberiain.educacion.navarra.es\/web1\/wp-content\/uploads\/2023\/11\/PE-2.jpg?resize=849%2C639&#038;ssl=1\" alt=\"\" width=\"849\" height=\"639\" srcset=\"https:\/\/i0.wp.com\/cpberiain.educacion.navarra.es\/web1\/wp-content\/uploads\/2023\/11\/PE-2.jpg?w=849&amp;ssl=1 849w, https:\/\/i0.wp.com\/cpberiain.educacion.navarra.es\/web1\/wp-content\/uploads\/2023\/11\/PE-2.jpg?resize=300%2C226&amp;ssl=1 300w, https:\/\/i0.wp.com\/cpberiain.educacion.navarra.es\/web1\/wp-content\/uploads\/2023\/11\/PE-2.jpg?resize=768%2C578&amp;ssl=1 768w\" sizes=\"(max-width: 849px) 100vw, 849px\" data-recalc-dims=\"1\" \/><\/p>\n<p><img data-attachment-id=\"5064\" data-permalink=\"https:\/\/cpberiain.educacion.navarra.es\/web1\/plan-estrategico\/pe-3\/\" data-orig-file=\"https:\/\/i0.wp.com\/cpberiain.educacion.navarra.es\/web1\/wp-content\/uploads\/2023\/11\/PE-3.jpg?fit=851%2C631&amp;ssl=1\" data-orig-size=\"851,631\" data-comments-opened=\"1\" data-image-meta=\"{&quot;aperture&quot;:&quot;0&quot;,&quot;credit&quot;:&quot;&quot;,&quot;camera&quot;:&quot;&quot;,&quot;caption&quot;:&quot;&quot;,&quot;created_timestamp&quot;:&quot;0&quot;,&quot;copyright&quot;:&quot;&quot;,&quot;focal_length&quot;:&quot;0&quot;,&quot;iso&quot;:&quot;0&quot;,&quot;shutter_speed&quot;:&quot;0&quot;,&quot;title&quot;:&quot;&quot;,&quot;orientation&quot;:&quot;1&quot;}\" data-image-title=\"PE 3\" data-image-description=\"\" data-image-caption=\"\" data-medium-file=\"https:\/\/i0.wp.com\/cpberiain.educacion.navarra.es\/web1\/wp-content\/uploads\/2023\/11\/PE-3.jpg?fit=300%2C222&amp;ssl=1\" data-large-file=\"https:\/\/i0.wp.com\/cpberiain.educacion.navarra.es\/web1\/wp-content\/uploads\/2023\/11\/PE-3.jpg?fit=851%2C631&amp;ssl=1\" loading=\"lazy\" class=\"alignnone wp-image-5064 size-full\" src=\"https:\/\/i0.wp.com\/cpberiain.educacion.navarra.es\/web1\/wp-content\/uploads\/2023\/11\/PE-3.jpg?resize=851%2C631&#038;ssl=1\" alt=\"\" width=\"851\" height=\"631\" srcset=\"https:\/\/i0.wp.com\/cpberiain.educacion.navarra.es\/web1\/wp-content\/uploads\/2023\/11\/PE-3.jpg?w=851&amp;ssl=1 851w, https:\/\/i0.wp.com\/cpberiain.educacion.navarra.es\/web1\/wp-content\/uploads\/2023\/11\/PE-3.jpg?resize=300%2C222&amp;ssl=1 300w, https:\/\/i0.wp.com\/cpberiain.educacion.navarra.es\/web1\/wp-content\/uploads\/2023\/11\/PE-3.jpg?resize=768%2C569&amp;ssl=1 768w\" sizes=\"(max-width: 851px) 100vw, 851px\" data-recalc-dims=\"1\" \/><\/p>\n<p><img data-attachment-id=\"5065\" data-permalink=\"https:\/\/cpberiain.educacion.navarra.es\/web1\/plan-estrategico\/pe-4\/\" data-orig-file=\"https:\/\/i0.wp.com\/cpberiain.educacion.navarra.es\/web1\/wp-content\/uploads\/2023\/11\/PE-4.jpg?fit=853%2C579&amp;ssl=1\" data-orig-size=\"853,579\" data-comments-opened=\"1\" data-image-meta=\"{&quot;aperture&quot;:&quot;0&quot;,&quot;credit&quot;:&quot;&quot;,&quot;camera&quot;:&quot;&quot;,&quot;caption&quot;:&quot;&quot;,&quot;created_timestamp&quot;:&quot;0&quot;,&quot;copyright&quot;:&quot;&quot;,&quot;focal_length&quot;:&quot;0&quot;,&quot;iso&quot;:&quot;0&quot;,&quot;shutter_speed&quot;:&quot;0&quot;,&quot;title&quot;:&quot;&quot;,&quot;orientation&quot;:&quot;1&quot;}\" data-image-title=\"PE 4\" data-image-description=\"\" data-image-caption=\"\" data-medium-file=\"https:\/\/i0.wp.com\/cpberiain.educacion.navarra.es\/web1\/wp-content\/uploads\/2023\/11\/PE-4.jpg?fit=300%2C204&amp;ssl=1\" data-large-file=\"https:\/\/i0.wp.com\/cpberiain.educacion.navarra.es\/web1\/wp-content\/uploads\/2023\/11\/PE-4.jpg?fit=853%2C579&amp;ssl=1\" loading=\"lazy\" class=\"alignnone wp-image-5065 size-full\" src=\"https:\/\/i0.wp.com\/cpberiain.educacion.navarra.es\/web1\/wp-content\/uploads\/2023\/11\/PE-4.jpg?resize=853%2C579&#038;ssl=1\" alt=\"\" width=\"853\" height=\"579\" srcset=\"https:\/\/i0.wp.com\/cpberiain.educacion.navarra.es\/web1\/wp-content\/uploads\/2023\/11\/PE-4.jpg?w=853&amp;ssl=1 853w, https:\/\/i0.wp.com\/cpberiain.educacion.navarra.es\/web1\/wp-content\/uploads\/2023\/11\/PE-4.jpg?resize=300%2C204&amp;ssl=1 300w, https:\/\/i0.wp.com\/cpberiain.educacion.navarra.es\/web1\/wp-content\/uploads\/2023\/11\/PE-4.jpg?resize=768%2C521&amp;ssl=1 768w\" sizes=\"(max-width: 853px) 100vw, 853px\" data-recalc-dims=\"1\" \/><\/p>\n\n\n<p><\/p>\n\n\n\n<p><\/p>\n","protected":false},"excerpt":{"rendered":"<p>El Plan estrat\u00e9gico 2023-2027 fue aprobado en Consejo Escolar el 30 de junio de 2023. Est\u00e1 organizado en torno a varios ejes. Los m\u00e1s importantes son: Mejorar el rendimiento del alumnado y los resultados del aprendizaje Mejorar las competencias del alumnado: creando situaciones de aprendizaje, mejorando su competencia ling\u00fc\u00edstica y\u00a0 dando herramientas al alumnado para [&hellip;]<\/p>\n","protected":false},"author":1,"featured_media":0,"parent":0,"menu_order":0,"comment_status":"closed","ping_status":"closed","template":"","meta":{"_genesis_hide_title":false,"_genesis_hide_breadcrumbs":false,"_genesis_hide_singular_image":false,"_genesis_hide_footer_widgets":false,"_genesis_custom_body_class":"","_genesis_custom_post_class":"","_genesis_layout":"","jetpack_post_was_ever_published":false},"jetpack_sharing_enabled":true,"_links":{"self":[{"href":"https:\/\/cpberiain.educacion.navarra.es\/web1\/wp-json\/wp\/v2\/pages\/764"}],"collection":[{"href":"https:\/\/cpberiain.educacion.navarra.es\/web1\/wp-json\/wp\/v2\/pages"}],"about":[{"href":"https:\/\/cpberiain.educacion.navarra.es\/web1\/wp-json\/wp\/v2\/types\/page"}],"author":[{"embeddable":true,"href":"https:\/\/cpberiain.educacion.navarra.es\/web1\/wp-json\/wp\/v2\/users\/1"}],"replies":[{"embeddable":true,"href":"https:\/\/cpberiain.educacion.navarra.es\/web1\/wp-json\/wp\/v2\/comments?post=764"}],"version-history":[{"count":46,"href":"https:\/\/cpberiain.educacion.navarra.es\/web1\/wp-json\/wp\/v2\/pages\/764\/revisions"}],"predecessor-version":[{"id":5073,"href":"https:\/\/cpberiain.educacion.navarra.es\/web1\/wp-json\/wp\/v2\/pages\/764\/revisions\/5073"}],"wp:attachment":[{"href":"https:\/\/cpberiain.educacion.navarra.es\/web1\/wp-json\/wp\/v2\/media?parent=764"}],"curies":[{"name":"wp","href":"https:\/\/api.w.org\/{rel}","templated":true}]}}