{"id":854,"date":"2017-03-31T01:25:44","date_gmt":"2017-03-30T23:25:44","guid":{"rendered":"http:\/\/cpberiain.educacion.navarra.es\/web1\/?page_id=854"},"modified":"2017-04-15T01:46:21","modified_gmt":"2017-04-14T23:46:21","slug":"aprendizaje-por-proyectos","status":"publish","type":"page","link":"https:\/\/cpberiain.educacion.navarra.es\/web1\/aprendizaje-por-proyectos\/","title":{"rendered":"Aprendizaje por proyectos"},"content":{"rendered":"<p>El trabajo en educaci\u00f3n infantil se articula en torno a distintos ejes: los momentos educativos. Estos son variados:<\/p>\n<ul>\n<li>las asambleas, en las que hablamos de lo que nos ocurre, planificamos cosas,&#8230;<\/li>\n<li>tiempos de encuentro colectivo (almuerzos, peque\u00f1as fiestas),<\/li>\n<li>el juego libre en\u00a0el patio<\/li>\n<li>los espacios de juego y aprendizaje (a los que llamamos rincones).<\/li>\n<li>las actividades m\u00e1s art\u00edsticas o experienciales, como los talleres,<\/li>\n<li>y lo que se denomina proyectos de trabajo.<\/li>\n<\/ul>\n<p>Es de esto \u00faltimo de lo que vamos a hablar ahora.<\/p>\n<p>&nbsp;<\/p>\n<h5><span style=\"color: #0000ff;\"> \u00bfEn qu\u00e9 consiste esta metodolog\u00eda?<\/span><\/h5>\n<p>Alrededor de un tema de inter\u00e9s detectado en los ni\u00f1os o propuesto por las profesoras &#8211; los beb\u00e9s, el museo,\u00a0 los cuentos,\u00a0 las emociones,\u00a0 el bosque\u2026 organizamos los contenidos y actividades para alcanzar los objetivos relacionados con las distintas \u00e1reas del curr\u00edculum (lenguajes,\u00a0 conocimiento del entorno,\u00a0 conocimiento de s\u00ed mismo).<\/p>\n<ul>\n<li>Comenzamos por una actividad motivadora para introducir el tema y hacemos una recogida de los conocimientos previos de los ni\u00f1os.<\/li>\n<li>Informamos a las familias del proyecto que vamos a iniciar, proponi\u00e9ndoles su participaci\u00f3n de una o otra forma (aportando material, acudiendo al aula para aportar sus experiencias o conocimientos, etc)<\/li>\n<li>Preparamos propuestas de actividades en las que participan tambi\u00e9n otros agentes educativos, como las familias, alumnos m\u00e1s mayores, otros profesores, \u00a0expertos en el tema etc.<\/li>\n<li>Durante el desarrollo del proyecto vamos modific\u00e1ndolo en funci\u00f3n de los intereses observados y aportando nuevas propuestas<\/li>\n<li>Finalmente recogemos las actividades realizadas en las distintas lenguas y reunimos todo el trabajo en un dossier que posteriormente enviaremos las familias.<\/li>\n<\/ul>\n<p>Como vemos, se trata de una\u00a0 metodolog\u00eda abierta,\u00a0 que permite hacer\u00a0 a \u00a0los ni\u00f1os \u00a0part\u00edcipes de su propio aprendizaje y fomenta la relaci\u00f3n familia-escuela, beneficiosa para todos.<\/p>\n<p>&nbsp;<\/p>\n<h5><span style=\"color: #0000ff;\">Ejemplos de proyectos realizados recientemente:<\/span><\/h5>\n<ul>\n<li>3 a\u00f1os: El teatro y el maquillaje; Las esculturas<\/li>\n<li>4 a\u00f1os: El universo; Los beb\u00e9s<\/li>\n<li>5 a\u00f1os: Los castillos; Coches y calles (educaci\u00f3n vial)<\/li>\n<\/ul>\n<div class=\"tiled-gallery type-rectangular tiled-gallery-unresized\" data-original-width=\"500\" data-carousel-extra='{&quot;blog_id&quot;:1,&quot;permalink&quot;:&quot;https:\\\/\\\/cpberiain.educacion.navarra.es\\\/web1\\\/aprendizaje-por-proyectos\\\/&quot;,&quot;likes_blog_id&quot;:126613894}' itemscope itemtype=\"http:\/\/schema.org\/ImageGallery\" > <div class=\"gallery-row\" style=\"width: 500px; height: 384px;\" data-original-width=\"500\" data-original-height=\"384\" > <div class=\"gallery-group images-3\" style=\"width: 211px; height: 384px;\" data-original-width=\"211\" data-original-height=\"384\" > <div class=\"tiled-gallery-item tiled-gallery-item-small\" itemprop=\"associatedMedia\" itemscope itemtype=\"http:\/\/schema.org\/ImageObject\"> <a href=\"https:\/\/cpberiain.educacion.navarra.es\/web1\/aprendizaje-por-proyectos\/3-anos-el-teatro-maquillaje\/\" border=\"0\" itemprop=\"url\"> <meta itemprop=\"width\" content=\"207\"> <meta itemprop=\"height\" content=\"117\"> <img data-attachment-id=\"966\" data-orig-file=\"https:\/\/cpberiain.educacion.navarra.es\/web1\/wp-content\/uploads\/2017\/03\/3-a\u00f1os-el-teatro-maquillaje.jpg\" data-orig-size=\"1024,576\" data-comments-opened=\"1\" data-image-meta=\"{&quot;aperture&quot;:&quot;0&quot;,&quot;credit&quot;:&quot;&quot;,&quot;camera&quot;:&quot;&quot;,&quot;caption&quot;:&quot;&quot;,&quot;created_timestamp&quot;:&quot;0&quot;,&quot;copyright&quot;:&quot;&quot;,&quot;focal_length&quot;:&quot;0&quot;,&quot;iso&quot;:&quot;0&quot;,&quot;shutter_speed&quot;:&quot;0&quot;,&quot;title&quot;:&quot;&quot;,&quot;orientation&quot;:&quot;0&quot;}\" data-image-title=\"3 a\u00f1os- el teatro- maquillaje\" data-image-description=\"&lt;p&gt;3 a\u00f1os- el teatro- maquillaje&lt;\/p&gt; \" data-medium-file=\"https:\/\/i0.wp.com\/cpberiain.educacion.navarra.es\/web1\/wp-content\/uploads\/2017\/03\/3-a\u00f1os-el-teatro-maquillaje.jpg?fit=300%2C169&#038;ssl=1\" data-large-file=\"https:\/\/i0.wp.com\/cpberiain.educacion.navarra.es\/web1\/wp-content\/uploads\/2017\/03\/3-a\u00f1os-el-teatro-maquillaje.jpg?fit=1024%2C576&#038;ssl=1\" src=\"https:\/\/i0.wp.com\/cpberiain.educacion.navarra.es\/web1\/wp-content\/uploads\/2017\/03\/3-a\u00f1os-el-teatro-maquillaje.jpg?w=207&#038;h=117&#038;ssl=1\" width=\"207\" height=\"117\" data-original-width=\"207\" data-original-height=\"117\" itemprop=\"http:\/\/schema.org\/image\" title=\"3 a\u00f1os- el teatro- maquillaje\" alt=\"3 a\u00f1os- el teatro- maquillaje\" style=\"width: 207px; height: 117px;\" \/> <\/a> <div class=\"tiled-gallery-caption\" itemprop=\"caption description\"> 3 a\u00f1os- el teatro- maquillaje <\/div> <\/div> <div class=\"tiled-gallery-item tiled-gallery-item-small\" itemprop=\"associatedMedia\" itemscope itemtype=\"http:\/\/schema.org\/ImageObject\"> <a href=\"https:\/\/cpberiain.educacion.navarra.es\/web1\/aprendizaje-por-proyectos\/3-anos-escultura-colectiva\/\" border=\"0\" itemprop=\"url\"> <meta itemprop=\"width\" content=\"207\"> <meta itemprop=\"height\" content=\"117\"> <img data-attachment-id=\"967\" data-orig-file=\"https:\/\/cpberiain.educacion.navarra.es\/web1\/wp-content\/uploads\/2017\/03\/3-a\u00f1os-escultura-colectiva.jpg\" data-orig-size=\"1024,576\" data-comments-opened=\"1\" data-image-meta=\"{&quot;aperture&quot;:&quot;0&quot;,&quot;credit&quot;:&quot;&quot;,&quot;camera&quot;:&quot;&quot;,&quot;caption&quot;:&quot;&quot;,&quot;created_timestamp&quot;:&quot;0&quot;,&quot;copyright&quot;:&quot;&quot;,&quot;focal_length&quot;:&quot;0&quot;,&quot;iso&quot;:&quot;0&quot;,&quot;shutter_speed&quot;:&quot;0&quot;,&quot;title&quot;:&quot;&quot;,&quot;orientation&quot;:&quot;0&quot;}\" data-image-title=\"3 a\u00f1os- escultura colectiva\" data-image-description=\"&lt;p&gt;3 a\u00f1os- escultura colectiva&lt;\/p&gt; \" data-medium-file=\"https:\/\/i0.wp.com\/cpberiain.educacion.navarra.es\/web1\/wp-content\/uploads\/2017\/03\/3-a\u00f1os-escultura-colectiva.jpg?fit=300%2C169&#038;ssl=1\" data-large-file=\"https:\/\/i0.wp.com\/cpberiain.educacion.navarra.es\/web1\/wp-content\/uploads\/2017\/03\/3-a\u00f1os-escultura-colectiva.jpg?fit=1024%2C576&#038;ssl=1\" src=\"https:\/\/i0.wp.com\/cpberiain.educacion.navarra.es\/web1\/wp-content\/uploads\/2017\/03\/3-a\u00f1os-escultura-colectiva.jpg?w=207&#038;h=117&#038;ssl=1\" width=\"207\" height=\"117\" data-original-width=\"207\" data-original-height=\"117\" itemprop=\"http:\/\/schema.org\/image\" title=\"3 a\u00f1os- escultura colectiva\" alt=\"3 a\u00f1os- escultura colectiva\" style=\"width: 207px; height: 117px;\" \/> <\/a> <div class=\"tiled-gallery-caption\" itemprop=\"caption description\"> 3 a\u00f1os- escultura colectiva <\/div> <\/div> <div class=\"tiled-gallery-item tiled-gallery-item-small\" itemprop=\"associatedMedia\" itemscope itemtype=\"http:\/\/schema.org\/ImageObject\"> <a href=\"https:\/\/cpberiain.educacion.navarra.es\/web1\/aprendizaje-por-proyectos\/4-anos-el-universo\/\" border=\"0\" itemprop=\"url\"> <meta itemprop=\"width\" content=\"207\"> <meta itemprop=\"height\" content=\"138\"> <img data-attachment-id=\"968\" data-orig-file=\"https:\/\/cpberiain.educacion.navarra.es\/web1\/wp-content\/uploads\/2017\/03\/4-a\u00f1os-el-universo.jpg\" data-orig-size=\"1024,684\" data-comments-opened=\"1\" data-image-meta=\"{&quot;aperture&quot;:&quot;0&quot;,&quot;credit&quot;:&quot;&quot;,&quot;camera&quot;:&quot;&quot;,&quot;caption&quot;:&quot;&quot;,&quot;created_timestamp&quot;:&quot;0&quot;,&quot;copyright&quot;:&quot;&quot;,&quot;focal_length&quot;:&quot;0&quot;,&quot;iso&quot;:&quot;0&quot;,&quot;shutter_speed&quot;:&quot;0&quot;,&quot;title&quot;:&quot;&quot;,&quot;orientation&quot;:&quot;0&quot;}\" data-image-title=\"4 a\u00f1os- el universo\" data-image-description=\"&lt;p&gt;4 a\u00f1os- el universo&lt;\/p&gt; \" data-medium-file=\"https:\/\/i0.wp.com\/cpberiain.educacion.navarra.es\/web1\/wp-content\/uploads\/2017\/03\/4-a\u00f1os-el-universo.jpg?fit=300%2C200&#038;ssl=1\" data-large-file=\"https:\/\/i0.wp.com\/cpberiain.educacion.navarra.es\/web1\/wp-content\/uploads\/2017\/03\/4-a\u00f1os-el-universo.jpg?fit=1024%2C684&#038;ssl=1\" src=\"https:\/\/i0.wp.com\/cpberiain.educacion.navarra.es\/web1\/wp-content\/uploads\/2017\/03\/4-a\u00f1os-el-universo.jpg?w=207&#038;h=138&#038;ssl=1\" width=\"207\" height=\"138\" data-original-width=\"207\" data-original-height=\"138\" itemprop=\"http:\/\/schema.org\/image\" title=\"4 a\u00f1os- el universo\" alt=\"4 a\u00f1os- el universo\" style=\"width: 207px; height: 138px;\" \/> <\/a> <div class=\"tiled-gallery-caption\" itemprop=\"caption description\"> 4 a\u00f1os- el universo <\/div> <\/div> <\/div> <!-- close group --> <div class=\"gallery-group images-1\" style=\"width: 289px; height: 384px;\" data-original-width=\"289\" data-original-height=\"384\" > <div class=\"tiled-gallery-item tiled-gallery-item-large\" itemprop=\"associatedMedia\" itemscope itemtype=\"http:\/\/schema.org\/ImageObject\"> <a href=\"https:\/\/cpberiain.educacion.navarra.es\/web1\/aprendizaje-por-proyectos\/4-anos-los-bebes\/\" border=\"0\" itemprop=\"url\"> <meta itemprop=\"width\" content=\"285\"> <meta itemprop=\"height\" content=\"380\"> <img data-attachment-id=\"969\" data-orig-file=\"https:\/\/cpberiain.educacion.navarra.es\/web1\/wp-content\/uploads\/2017\/03\/4-a\u00f1os-los-beb\u00e9s.jpg\" data-orig-size=\"768,1024\" data-comments-opened=\"1\" data-image-meta=\"{&quot;aperture&quot;:&quot;0&quot;,&quot;credit&quot;:&quot;&quot;,&quot;camera&quot;:&quot;&quot;,&quot;caption&quot;:&quot;&quot;,&quot;created_timestamp&quot;:&quot;0&quot;,&quot;copyright&quot;:&quot;&quot;,&quot;focal_length&quot;:&quot;0&quot;,&quot;iso&quot;:&quot;0&quot;,&quot;shutter_speed&quot;:&quot;0&quot;,&quot;title&quot;:&quot;&quot;,&quot;orientation&quot;:&quot;0&quot;}\" data-image-title=\"4 a\u00f1os- los beb\u00e9s\" data-image-description=\"&lt;p&gt;4 a\u00f1os- los beb\u00e9s&lt;\/p&gt; \" data-medium-file=\"https:\/\/i0.wp.com\/cpberiain.educacion.navarra.es\/web1\/wp-content\/uploads\/2017\/03\/4-a\u00f1os-los-beb\u00e9s.jpg?fit=225%2C300&#038;ssl=1\" data-large-file=\"https:\/\/i0.wp.com\/cpberiain.educacion.navarra.es\/web1\/wp-content\/uploads\/2017\/03\/4-a\u00f1os-los-beb\u00e9s.jpg?fit=768%2C1024&#038;ssl=1\" src=\"https:\/\/i0.wp.com\/cpberiain.educacion.navarra.es\/web1\/wp-content\/uploads\/2017\/03\/4-a\u00f1os-los-beb\u00e9s.jpg?w=285&#038;h=380&#038;ssl=1\" width=\"285\" height=\"380\" data-original-width=\"285\" data-original-height=\"380\" itemprop=\"http:\/\/schema.org\/image\" title=\"4 a\u00f1os- los beb\u00e9s\" alt=\"4 a\u00f1os- los beb\u00e9s\" style=\"width: 285px; height: 380px;\" \/> <\/a> <div class=\"tiled-gallery-caption\" itemprop=\"caption description\"> 4 a\u00f1os- los beb\u00e9s <\/div> <\/div> <\/div> <!-- close group --> <\/div> <!-- close row --> <div class=\"gallery-row\" style=\"width: 500px; height: 162px;\" data-original-width=\"500\" data-original-height=\"162\" > <div class=\"gallery-group images-1\" style=\"width: 215px; height: 162px;\" data-original-width=\"215\" data-original-height=\"162\" > <div class=\"tiled-gallery-item tiled-gallery-item-small\" itemprop=\"associatedMedia\" itemscope itemtype=\"http:\/\/schema.org\/ImageObject\"> <a href=\"https:\/\/cpberiain.educacion.navarra.es\/web1\/aprendizaje-por-proyectos\/5-anos-castillos\/\" border=\"0\" itemprop=\"url\"> <meta itemprop=\"width\" content=\"211\"> <meta itemprop=\"height\" content=\"158\"> <img data-attachment-id=\"970\" data-orig-file=\"https:\/\/cpberiain.educacion.navarra.es\/web1\/wp-content\/uploads\/2017\/03\/5-a\u00f1os-Castillos.jpg\" data-orig-size=\"1024,768\" data-comments-opened=\"1\" data-image-meta=\"{&quot;aperture&quot;:&quot;0&quot;,&quot;credit&quot;:&quot;&quot;,&quot;camera&quot;:&quot;&quot;,&quot;caption&quot;:&quot;&quot;,&quot;created_timestamp&quot;:&quot;0&quot;,&quot;copyright&quot;:&quot;&quot;,&quot;focal_length&quot;:&quot;0&quot;,&quot;iso&quot;:&quot;0&quot;,&quot;shutter_speed&quot;:&quot;0&quot;,&quot;title&quot;:&quot;&quot;,&quot;orientation&quot;:&quot;0&quot;}\" data-image-title=\"5 a\u00f1os- Castillos\" data-image-description=\"&lt;p&gt;5 a\u00f1os- Castillos&lt;\/p&gt; \" data-medium-file=\"https:\/\/i0.wp.com\/cpberiain.educacion.navarra.es\/web1\/wp-content\/uploads\/2017\/03\/5-a\u00f1os-Castillos.jpg?fit=300%2C225&#038;ssl=1\" data-large-file=\"https:\/\/i0.wp.com\/cpberiain.educacion.navarra.es\/web1\/wp-content\/uploads\/2017\/03\/5-a\u00f1os-Castillos.jpg?fit=1024%2C768&#038;ssl=1\" src=\"https:\/\/i0.wp.com\/cpberiain.educacion.navarra.es\/web1\/wp-content\/uploads\/2017\/03\/5-a\u00f1os-Castillos.jpg?w=211&#038;h=158&#038;ssl=1\" width=\"211\" height=\"158\" data-original-width=\"211\" data-original-height=\"158\" itemprop=\"http:\/\/schema.org\/image\" title=\"5 a\u00f1os- Castillos\" alt=\"5 a\u00f1os- Castillos\" style=\"width: 211px; height: 158px;\" \/> <\/a> <div class=\"tiled-gallery-caption\" itemprop=\"caption description\"> 5 a\u00f1os- Castillos <\/div> <\/div> <\/div> <!-- close group --> <div class=\"gallery-group images-1\" style=\"width: 285px; height: 162px;\" data-original-width=\"285\" data-original-height=\"162\" > <div class=\"tiled-gallery-item tiled-gallery-item-large\" itemprop=\"associatedMedia\" itemscope itemtype=\"http:\/\/schema.org\/ImageObject\"> <a href=\"https:\/\/cpberiain.educacion.navarra.es\/web1\/aprendizaje-por-proyectos\/5-anos-educacion-vial\/\" border=\"0\" itemprop=\"url\"> <meta itemprop=\"width\" content=\"281\"> <meta itemprop=\"height\" content=\"158\"> <img data-attachment-id=\"971\" data-orig-file=\"https:\/\/cpberiain.educacion.navarra.es\/web1\/wp-content\/uploads\/2017\/03\/5-a\u00f1os-Educaci\u00f3n-vial.jpg\" data-orig-size=\"1024,576\" data-comments-opened=\"1\" data-image-meta=\"{&quot;aperture&quot;:&quot;0&quot;,&quot;credit&quot;:&quot;&quot;,&quot;camera&quot;:&quot;&quot;,&quot;caption&quot;:&quot;&quot;,&quot;created_timestamp&quot;:&quot;0&quot;,&quot;copyright&quot;:&quot;&quot;,&quot;focal_length&quot;:&quot;0&quot;,&quot;iso&quot;:&quot;0&quot;,&quot;shutter_speed&quot;:&quot;0&quot;,&quot;title&quot;:&quot;&quot;,&quot;orientation&quot;:&quot;0&quot;}\" data-image-title=\"5 a\u00f1os- Educaci\u00f3n vial\" data-image-description=\"&lt;p&gt;5 a\u00f1os- Educaci\u00f3n vial&lt;\/p&gt; \" data-medium-file=\"https:\/\/i0.wp.com\/cpberiain.educacion.navarra.es\/web1\/wp-content\/uploads\/2017\/03\/5-a\u00f1os-Educaci\u00f3n-vial.jpg?fit=300%2C169&#038;ssl=1\" data-large-file=\"https:\/\/i0.wp.com\/cpberiain.educacion.navarra.es\/web1\/wp-content\/uploads\/2017\/03\/5-a\u00f1os-Educaci\u00f3n-vial.jpg?fit=1024%2C576&#038;ssl=1\" src=\"https:\/\/i0.wp.com\/cpberiain.educacion.navarra.es\/web1\/wp-content\/uploads\/2017\/03\/5-a\u00f1os-Educaci\u00f3n-vial.jpg?w=281&#038;h=158&#038;ssl=1\" width=\"281\" height=\"158\" data-original-width=\"281\" data-original-height=\"158\" itemprop=\"http:\/\/schema.org\/image\" title=\"5 a\u00f1os- Educaci\u00f3n vial\" alt=\"5 a\u00f1os- Educaci\u00f3n vial\" style=\"width: 281px; height: 158px;\" \/> <\/a> <div class=\"tiled-gallery-caption\" itemprop=\"caption description\"> 5 a\u00f1os- Educaci\u00f3n vial <\/div> <\/div> <\/div> <!-- close group --> <\/div> <!-- close row --> <\/div>\n","protected":false},"excerpt":{"rendered":"<p>El trabajo en educaci\u00f3n infantil se articula en torno a distintos ejes: los momentos educativos. Estos son variados: las asambleas, en las que hablamos de lo que nos ocurre, planificamos cosas,&#8230; tiempos de encuentro colectivo (almuerzos, peque\u00f1as fiestas), el juego libre en\u00a0el patio los espacios de juego y aprendizaje (a los que llamamos rincones). las [&hellip;]<\/p>\n","protected":false},"author":1,"featured_media":0,"parent":0,"menu_order":0,"comment_status":"closed","ping_status":"closed","template":"","meta":{"_genesis_hide_title":false,"_genesis_hide_breadcrumbs":false,"_genesis_hide_singular_image":false,"_genesis_hide_footer_widgets":false,"_genesis_custom_body_class":"","_genesis_custom_post_class":"","_genesis_layout":"","jetpack_post_was_ever_published":false},"jetpack_sharing_enabled":true,"_links":{"self":[{"href":"https:\/\/cpberiain.educacion.navarra.es\/web1\/wp-json\/wp\/v2\/pages\/854"}],"collection":[{"href":"https:\/\/cpberiain.educacion.navarra.es\/web1\/wp-json\/wp\/v2\/pages"}],"about":[{"href":"https:\/\/cpberiain.educacion.navarra.es\/web1\/wp-json\/wp\/v2\/types\/page"}],"author":[{"embeddable":true,"href":"https:\/\/cpberiain.educacion.navarra.es\/web1\/wp-json\/wp\/v2\/users\/1"}],"replies":[{"embeddable":true,"href":"https:\/\/cpberiain.educacion.navarra.es\/web1\/wp-json\/wp\/v2\/comments?post=854"}],"version-history":[{"count":9,"href":"https:\/\/cpberiain.educacion.navarra.es\/web1\/wp-json\/wp\/v2\/pages\/854\/revisions"}],"predecessor-version":[{"id":1006,"href":"https:\/\/cpberiain.educacion.navarra.es\/web1\/wp-json\/wp\/v2\/pages\/854\/revisions\/1006"}],"wp:attachment":[{"href":"https:\/\/cpberiain.educacion.navarra.es\/web1\/wp-json\/wp\/v2\/media?parent=854"}],"curies":[{"name":"wp","href":"https:\/\/api.w.org\/{rel}","templated":true}]}}