{"id":858,"date":"2017-03-31T01:26:12","date_gmt":"2017-03-30T23:26:12","guid":{"rendered":"http:\/\/cpberiain.educacion.navarra.es\/web1\/?page_id=858"},"modified":"2025-11-06T14:18:18","modified_gmt":"2025-11-06T13:18:18","slug":"gestion-de-calidad","status":"publish","type":"page","link":"https:\/\/cpberiain.educacion.navarra.es\/web1\/gestion-de-calidad\/","title":{"rendered":"Gesti\u00f3n de calidad"},"content":{"rendered":"<p><a href=\"https:\/\/i0.wp.com\/cpberiain.educacion.navarra.es\/web1\/wp-content\/uploads\/2017\/03\/calidad.jpg\"><img data-attachment-id=\"891\" data-permalink=\"https:\/\/cpberiain.educacion.navarra.es\/web1\/gestion-de-calidad\/calidad\/\" data-orig-file=\"https:\/\/i0.wp.com\/cpberiain.educacion.navarra.es\/web1\/wp-content\/uploads\/2017\/03\/calidad.jpg?fit=1240%2C450&amp;ssl=1\" data-orig-size=\"1240,450\" data-comments-opened=\"1\" data-image-meta=\"{&quot;aperture&quot;:&quot;0&quot;,&quot;credit&quot;:&quot;&quot;,&quot;camera&quot;:&quot;&quot;,&quot;caption&quot;:&quot;&quot;,&quot;created_timestamp&quot;:&quot;0&quot;,&quot;copyright&quot;:&quot;&quot;,&quot;focal_length&quot;:&quot;0&quot;,&quot;iso&quot;:&quot;0&quot;,&quot;shutter_speed&quot;:&quot;0&quot;,&quot;title&quot;:&quot;&quot;,&quot;orientation&quot;:&quot;0&quot;}\" data-image-title=\"calidad\" data-image-description=\"&lt;p&gt;calidad&lt;\/p&gt;\n\" data-image-caption=\"\" data-medium-file=\"https:\/\/i0.wp.com\/cpberiain.educacion.navarra.es\/web1\/wp-content\/uploads\/2017\/03\/calidad.jpg?fit=300%2C109&amp;ssl=1\" data-large-file=\"https:\/\/i0.wp.com\/cpberiain.educacion.navarra.es\/web1\/wp-content\/uploads\/2017\/03\/calidad.jpg?fit=1024%2C372&amp;ssl=1\" loading=\"lazy\" class=\"aligncenter size-full wp-image-891\" src=\"https:\/\/i0.wp.com\/cpberiain.educacion.navarra.es\/web1\/wp-content\/uploads\/2017\/03\/calidad.jpg?resize=1240%2C450\" alt=\"calidad\" width=\"1240\" height=\"450\" srcset=\"https:\/\/i0.wp.com\/cpberiain.educacion.navarra.es\/web1\/wp-content\/uploads\/2017\/03\/calidad.jpg?w=1240&amp;ssl=1 1240w, https:\/\/i0.wp.com\/cpberiain.educacion.navarra.es\/web1\/wp-content\/uploads\/2017\/03\/calidad.jpg?resize=300%2C109&amp;ssl=1 300w, https:\/\/i0.wp.com\/cpberiain.educacion.navarra.es\/web1\/wp-content\/uploads\/2017\/03\/calidad.jpg?resize=768%2C279&amp;ssl=1 768w, https:\/\/i0.wp.com\/cpberiain.educacion.navarra.es\/web1\/wp-content\/uploads\/2017\/03\/calidad.jpg?resize=1024%2C372&amp;ssl=1 1024w\" sizes=\"(max-width: 1000px) 100vw, 1000px\" data-recalc-dims=\"1\" \/><\/a><\/p>\n<blockquote>\n<p style=\"text-align: center;\"><span style=\"color: #993300;\">\u00abCalidad significa hacer lo correcto cuando nadie est\u00e1 mirando\u00bb<\/span><\/p>\n<\/blockquote>\n<p>En nuestro colegio calidad significa muchas cosas. Estas son algunas (haz clic en las frases y se desplegar\u00e1 un breve texto).<br \/>\n<div class=\"hrf-faq-list\"><article class=\"hrf-entry\" id=\"hrf-entry-874\">\n                      <h3 class=\"hrf-title close-faq\" data-content-id=\"hrf-content-874\"><span><\/span>Mejora continua \u201cSi podemos hacerlo mejor, hag\u00e1moslo\u201d<\/h3>\n                     <div class=\"hrf-content\" id=\"hrf-content-874\"><p>Queremos que nuestro colegio sea el mejor que sepamos construir. Y si en algo no sabemos hacerlo mejor, aprendamos.<\/p>\n<p>Huir del \u201cpara pueblo ya vale\u201d y no quedarse dormido en resultados satisfactorios. Nuestra pr\u00e1ctica es la mejora continua, seguir trabajando para crecer.<\/p>\n<p>As\u00ed lo expresaba Nelson Mandela: \u201dDespu\u00e9s de escalar una monta\u00f1a muy alta, uno siente una enorme satisfacci\u00f3n y, cuando mira al horizonte descubre que hay muchas otras monta\u00f1as por escalar\u201d<\/p>\n<\/div>\n                  <\/article><article class=\"hrf-entry\" id=\"hrf-entry-875\">\n                      <h3 class=\"hrf-title close-faq\" data-content-id=\"hrf-content-875\"><span><\/span>Visi\u00f3n estrat\u00e9gica \u201cDe nada sirve que corras mucho si no sabes a d\u00f3nde vas\u201d<\/h3>\n                     <div class=\"hrf-content\" id=\"hrf-content-875\"><p>El colegio solo puede mejorar si todos los que trabajamos en \u00e9l estamos de acuerdo en el objetivo que perseguimos, y nos ponemos de acuerdo en el camino a seguir.<\/p>\n<p>Por eso equipo directivo, profesorado y familias hemos consensuado nuestro plan Estrat\u00e9gico, y cada a\u00f1o decidimos qu\u00e9 partes de \u00e9l vamos a desarrollar.<\/p>\n<\/div>\n                  <\/article><article class=\"hrf-entry\" id=\"hrf-entry-876\">\n                      <h3 class=\"hrf-title close-faq\" data-content-id=\"hrf-content-876\"><span><\/span>Acuerdos internos. \u201cUn barco avanza si todos reman en la misma direcci\u00f3n.\u201d<\/h3>\n                     <div class=\"hrf-content\" id=\"hrf-content-876\"><p>Queremos mantener los buenos resultados, introducir en el aula metodolog\u00edas m\u00e1s activas y trabajo en equipo, que la evaluaci\u00f3n est\u00e9 bien pensada, tenga rigor y sea justa, inculcar en nuestro alumnado valores universales.<\/p>\n<p>Para hacer esto bien y con eficacia es necesario trabajar\u00a0como un equipo: llegar a acuerdos y trabajar al un\u00edsono. Y eso es lo que hacemos.<\/p>\n<blockquote><p>\u201cEl talento gana partidos, pero el trabajo en equipo y la inteligencia ganan campeonatos.\u201c \u2013 Michael Jordan<\/p><\/blockquote>\n<\/div>\n                  <\/article><article class=\"hrf-entry\" id=\"hrf-entry-877\">\n                      <h3 class=\"hrf-title close-faq\" data-content-id=\"hrf-content-877\"><span><\/span>Evaluarnos y mejorar \u00abNadie alcanza la meta con un solo intento, ni alcanza altura con un solo vuelo.\u00bb<\/h3>\n                     <div class=\"hrf-content\" id=\"hrf-content-877\"><p>Para construir el colegio que so\u00f1amos es importante saber lo que hacemos bien y detectar aquello en lo que fallamos. Y cuando lo descubrimos, hacer planes de mejora.<\/p>\n<p>Hay que ser consciente de que uno no consigue el sue\u00f1o que persigue de una manera instant\u00e1nea y explosiva. La mejora se va haciendo progresivamente, con esfuerzo y perseverancia. Y convirtiendo los problemas y fracasos en retos. \u00abHemos aprendido una manera de no hacer algo. Busquemos las muchas maneras de hacerlo bien.\u00bb<\/p>\n<p>Para detectar problemas tenemos muchas herramientas: evaluaciones internas y externas, encuestas de satisfacci\u00f3n, SQRA, auditor\u00edas,\u2026<\/p>\n<\/div>\n                  <\/article><article class=\"hrf-entry\" id=\"hrf-entry-878\">\n                      <h3 class=\"hrf-title close-faq\" data-content-id=\"hrf-content-878\"><span><\/span>Trabajar con las familias: \u201cpara educar a un ni\u00f1o se necesita de toda la tribu\u201d<\/h3>\n                     <div class=\"hrf-content\" id=\"hrf-content-878\"><p>Queremos y necesitamos contar con las familias, conocer sus opiniones y trabajar en com\u00fan. La educaci\u00f3n de nuestros ni\u00f1os\/as es demasiado importante y compleja como para querer hacerla solos. Tenemos que colaborar.<\/p>\n<ul>\n<li>Para poder mantener un cauce de informaci\u00f3n abierto, empleamos el correo electr\u00f3nico, la web, los boletines y el canal youtube. Inauguramos ahora esta web renovada, con blogs de aula y proximamente a\u00f1adiremos una cuenta facebook.<\/li>\n<li>Trabajamos en com\u00fan a trav\u00e9s de las tutor\u00edas, la Apyma, el Consejo Escolar, la participaci\u00f3n en las actividades de las aulas, y la elaboraci\u00f3n de documentos important\u00edsimos como el Plan estrat\u00e9gico.<\/li>\n<li>Y para que cada padre o madre pueda expresar su opini\u00f3n disponemos de SQRA (sugerencias,\u2026 a trav\u00e9s de la web), el correo electr\u00f3nico y las encuestas de satisfacci\u00f3n anuales.<\/li>\n<\/ul>\n<p>Y en ese camino largo y muchas veces incierto que es la educaci\u00f3n, debemos apoyarnos, porque es f\u00e1cil desalentarse cuando empiezan los problemas. Como dice el proverbio japon\u00e9s, \u201cUna sola flecha se rompe f\u00e1cilmente, pero no un fardo\u00a0de diez\u201d Cuando alguno de nosotros (familia, profesorado, alumnado) pierde la confianza, ah\u00ed debe estar la mano de los dem\u00e1s, para impulsarlo.<\/p>\n<\/div>\n                  <\/article><article class=\"hrf-entry\" id=\"hrf-entry-879\">\n                      <h3 class=\"hrf-title close-faq\" data-content-id=\"hrf-content-879\"><span><\/span>El colegio se compromete<\/h3>\n                     <div class=\"hrf-content\" id=\"hrf-content-879\"><p>El colegio asume un compromiso con las familias en m\u00e1s de diez diferentes \u00e1mbitos (educaci\u00f3n de calidad, idiomas, convivencia, acogida a las familias, formaci\u00f3n del profesorado, etc.). Lo hace p\u00fablico en la web a trav\u00e9s de la carta de compromisos y publica por el mismo medio sus resultados en estos \u00e1mbitos anualmente.<\/p>\n<\/div>\n                  <\/article><\/div>\n<h4><\/h4>\n<h4><span style=\"color: #3366ff;\">RESULTADOS<\/span><\/h4>\n<p>El CP BERIAIN\u00a0 ha sido evaluado tanto por el servicio de inspecci\u00f3n como por diferentes equipos de auditores. Gracias a nuestro buen trabajo hemos conseguido las siguientes distinciones:<\/p>\n<ul>\n<li>Sello \u201cCENTRO DE CALIDAD\u201d curso 2011-12<\/li>\n<\/ul>\n<p><a href=\"https:\/\/i0.wp.com\/cpberiain.educacion.navarra.es\/web1\/wp-content\/uploads\/2017\/03\/Centro-de-Calidad-Txiki-1.jpg\"><img data-attachment-id=\"882\" data-permalink=\"https:\/\/cpberiain.educacion.navarra.es\/web1\/gestion-de-calidad\/centro-de-calidad-txiki-2\/\" data-orig-file=\"https:\/\/i0.wp.com\/cpberiain.educacion.navarra.es\/web1\/wp-content\/uploads\/2017\/03\/Centro-de-Calidad-Txiki-1.jpg?fit=591%2C859&amp;ssl=1\" data-orig-size=\"591,859\" data-comments-opened=\"1\" data-image-meta=\"{&quot;aperture&quot;:&quot;0&quot;,&quot;credit&quot;:&quot;&quot;,&quot;camera&quot;:&quot;&quot;,&quot;caption&quot;:&quot;&quot;,&quot;created_timestamp&quot;:&quot;0&quot;,&quot;copyright&quot;:&quot;&quot;,&quot;focal_length&quot;:&quot;0&quot;,&quot;iso&quot;:&quot;0&quot;,&quot;shutter_speed&quot;:&quot;0&quot;,&quot;title&quot;:&quot;&quot;,&quot;orientation&quot;:&quot;0&quot;}\" data-image-title=\"Centro de Calidad- Txiki\" data-image-description=\"&lt;p&gt;Centro de Calidad- Txiki&lt;\/p&gt;\n\" data-image-caption=\"\" data-medium-file=\"https:\/\/i0.wp.com\/cpberiain.educacion.navarra.es\/web1\/wp-content\/uploads\/2017\/03\/Centro-de-Calidad-Txiki-1.jpg?fit=206%2C300&amp;ssl=1\" data-large-file=\"https:\/\/i0.wp.com\/cpberiain.educacion.navarra.es\/web1\/wp-content\/uploads\/2017\/03\/Centro-de-Calidad-Txiki-1.jpg?fit=591%2C859&amp;ssl=1\" loading=\"lazy\" class=\"wp-image-882 aligncenter\" src=\"https:\/\/i0.wp.com\/cpberiain.educacion.navarra.es\/web1\/wp-content\/uploads\/2017\/03\/Centro-de-Calidad-Txiki-1.jpg?resize=106%2C154\" alt=\"Centro de Calidad- Txiki\" width=\"106\" height=\"154\" srcset=\"https:\/\/i0.wp.com\/cpberiain.educacion.navarra.es\/web1\/wp-content\/uploads\/2017\/03\/Centro-de-Calidad-Txiki-1.jpg?w=591&amp;ssl=1 591w, https:\/\/i0.wp.com\/cpberiain.educacion.navarra.es\/web1\/wp-content\/uploads\/2017\/03\/Centro-de-Calidad-Txiki-1.jpg?resize=206%2C300&amp;ssl=1 206w\" sizes=\"(max-width: 106px) 100vw, 106px\" data-recalc-dims=\"1\" \/> <\/a><\/p>\n<ul>\n<li>Sello \u201cCENTRO EXCELENTE\u201d curso 2016-17 y 2024-2025. Es el sello m\u00e1s elevado concedido por el Departamento de Educaci\u00f3n.<\/li>\n<\/ul>\n<p><a href=\"https:\/\/i0.wp.com\/cpberiain.educacion.navarra.es\/web1\/wp-content\/uploads\/2017\/03\/Ikastetxe-bikaina-2.jpg\"><img data-attachment-id=\"883\" data-permalink=\"https:\/\/cpberiain.educacion.navarra.es\/web1\/gestion-de-calidad\/ikastetxe-bikaina-2\/\" data-orig-file=\"https:\/\/i0.wp.com\/cpberiain.educacion.navarra.es\/web1\/wp-content\/uploads\/2017\/03\/Ikastetxe-bikaina-2.jpg?fit=674%2C228&amp;ssl=1\" data-orig-size=\"674,228\" data-comments-opened=\"1\" data-image-meta=\"{&quot;aperture&quot;:&quot;0&quot;,&quot;credit&quot;:&quot;&quot;,&quot;camera&quot;:&quot;&quot;,&quot;caption&quot;:&quot;&quot;,&quot;created_timestamp&quot;:&quot;0&quot;,&quot;copyright&quot;:&quot;&quot;,&quot;focal_length&quot;:&quot;0&quot;,&quot;iso&quot;:&quot;0&quot;,&quot;shutter_speed&quot;:&quot;0&quot;,&quot;title&quot;:&quot;&quot;,&quot;orientation&quot;:&quot;0&quot;}\" data-image-title=\"Centro excelente\" data-image-description=\"&lt;p&gt;Centro excelente&lt;\/p&gt;\n\" data-image-caption=\"\" data-medium-file=\"https:\/\/i0.wp.com\/cpberiain.educacion.navarra.es\/web1\/wp-content\/uploads\/2017\/03\/Ikastetxe-bikaina-2.jpg?fit=300%2C101&amp;ssl=1\" data-large-file=\"https:\/\/i0.wp.com\/cpberiain.educacion.navarra.es\/web1\/wp-content\/uploads\/2017\/03\/Ikastetxe-bikaina-2.jpg?fit=674%2C228&amp;ssl=1\" loading=\"lazy\" class=\"aligncenter wp-image-883\" src=\"https:\/\/i0.wp.com\/cpberiain.educacion.navarra.es\/web1\/wp-content\/uploads\/2017\/03\/Ikastetxe-bikaina-2.jpg?resize=360%2C122\" alt=\"Centro excelente\" width=\"360\" height=\"122\" srcset=\"https:\/\/i0.wp.com\/cpberiain.educacion.navarra.es\/web1\/wp-content\/uploads\/2017\/03\/Ikastetxe-bikaina-2.jpg?w=674&amp;ssl=1 674w, https:\/\/i0.wp.com\/cpberiain.educacion.navarra.es\/web1\/wp-content\/uploads\/2017\/03\/Ikastetxe-bikaina-2.jpg?resize=300%2C101&amp;ssl=1 300w\" sizes=\"(max-width: 360px) 100vw, 360px\" data-recalc-dims=\"1\" \/><\/a><\/p>\n<ul>\n<li>Sello \u00abCENTRO EXCELLENTE\u00bb curso 24-25.<\/li>\n<\/ul>\n<blockquote><p><span style=\"color: #993300;\">S\u00f3lo una vida vivida en el servicio a los dem\u00e1s merece ser vivida (Albert Einstein)<\/span><\/p><\/blockquote>\n","protected":false},"excerpt":{"rendered":"<p>\u00abCalidad significa hacer lo correcto cuando nadie est\u00e1 mirando\u00bb En nuestro colegio calidad significa muchas cosas. Estas son algunas (haz clic en las frases y se desplegar\u00e1 un breve texto). RESULTADOS El CP BERIAIN\u00a0 ha sido evaluado tanto por el servicio de inspecci\u00f3n como por diferentes equipos de auditores. Gracias a nuestro buen trabajo hemos [&hellip;]<\/p>\n","protected":false},"author":1,"featured_media":0,"parent":0,"menu_order":0,"comment_status":"closed","ping_status":"closed","template":"","meta":{"_genesis_hide_title":false,"_genesis_hide_breadcrumbs":false,"_genesis_hide_singular_image":false,"_genesis_hide_footer_widgets":false,"_genesis_custom_body_class":"","_genesis_custom_post_class":"","_genesis_layout":"","jetpack_post_was_ever_published":false},"jetpack_sharing_enabled":true,"_links":{"self":[{"href":"https:\/\/cpberiain.educacion.navarra.es\/web1\/wp-json\/wp\/v2\/pages\/858"}],"collection":[{"href":"https:\/\/cpberiain.educacion.navarra.es\/web1\/wp-json\/wp\/v2\/pages"}],"about":[{"href":"https:\/\/cpberiain.educacion.navarra.es\/web1\/wp-json\/wp\/v2\/types\/page"}],"author":[{"embeddable":true,"href":"https:\/\/cpberiain.educacion.navarra.es\/web1\/wp-json\/wp\/v2\/users\/1"}],"replies":[{"embeddable":true,"href":"https:\/\/cpberiain.educacion.navarra.es\/web1\/wp-json\/wp\/v2\/comments?post=858"}],"version-history":[{"count":15,"href":"https:\/\/cpberiain.educacion.navarra.es\/web1\/wp-json\/wp\/v2\/pages\/858\/revisions"}],"predecessor-version":[{"id":5810,"href":"https:\/\/cpberiain.educacion.navarra.es\/web1\/wp-json\/wp\/v2\/pages\/858\/revisions\/5810"}],"wp:attachment":[{"href":"https:\/\/cpberiain.educacion.navarra.es\/web1\/wp-json\/wp\/v2\/media?parent=858"}],"curies":[{"name":"wp","href":"https:\/\/api.w.org\/{rel}","templated":true}]}}